{"id":7999,"date":"2026-04-01T23:44:24","date_gmt":"2026-04-01T23:44:24","guid":{"rendered":"https:\/\/wireless-car-display.com\/sk\/?post_type=product&#038;p=7999"},"modified":"2026-04-01T23:45:16","modified_gmt":"2026-04-01T23:45:16","slug":"kamera-na-predny-vyhlad-volkswagen-2013-2020","status":"publish","type":"product","link":"https:\/\/wireless-car-display.com\/sk\/product\/kamera-na-predny-vyhlad-volkswagen-2013-2020\/","title":{"rendered":"KAMERA NA PREDN\u00dd V\u00ddH\u013dAD &#8211; VOLKSWAGEN (2013-2020)"},"content":{"rendered":"","protected":false},"excerpt":{"rendered":"","protected":false},"featured_media":8171,"comment_status":"closed","ping_status":"closed","template":"","meta":[],"product_brand":[],"product_cat":[430,418],"product_tag":[],"class_list":{"0":"post-7999","1":"product","2":"type-product","3":"status-publish","4":"has-post-thumbnail","6":"product_cat-volkswagen","7":"product_cat-znacky-aut","9":"first","10":"instock","11":"taxable","12":"shipping-taxable","13":"purchasable","14":"product-type-simple"},"_links":{"self":[{"href":"https:\/\/wireless-car-display.com\/sk\/wp-json\/wp\/v2\/product\/7999","targetHints":{"allow":["GET"]}}],"collection":[{"href":"https:\/\/wireless-car-display.com\/sk\/wp-json\/wp\/v2\/product"}],"about":[{"href":"https:\/\/wireless-car-display.com\/sk\/wp-json\/wp\/v2\/types\/product"}],"replies":[{"embeddable":true,"href":"https:\/\/wireless-car-display.com\/sk\/wp-json\/wp\/v2\/comments?post=7999"}],"wp:featuredmedia":[{"embeddable":true,"href":"https:\/\/wireless-car-display.com\/sk\/wp-json\/wp\/v2\/media\/8171"}],"wp:attachment":[{"href":"https:\/\/wireless-car-display.com\/sk\/wp-json\/wp\/v2\/media?parent=7999"}],"wp:term":[{"taxonomy":"product_brand","embeddable":true,"href":"https:\/\/wireless-car-display.com\/sk\/wp-json\/wp\/v2\/product_brand?post=7999"},{"taxonomy":"product_cat","embeddable":true,"href":"https:\/\/wireless-car-display.com\/sk\/wp-json\/wp\/v2\/product_cat?post=7999"},{"taxonomy":"product_tag","embeddable":true,"href":"https:\/\/wireless-car-display.com\/sk\/wp-json\/wp\/v2\/product_tag?post=7999"}],"curies":[{"name":"wp","href":"https:\/\/api.w.org\/{rel}","templated":true}]}}