{"id":7996,"date":"2026-04-01T23:44:24","date_gmt":"2026-04-01T23:44:24","guid":{"rendered":"https:\/\/wireless-car-display.com\/sk\/?post_type=product&#038;p=7996"},"modified":"2026-04-01T23:45:15","modified_gmt":"2026-04-01T23:45:15","slug":"kamera-na-predny-pohlad-bmw-seria-1-2011-2019","status":"publish","type":"product","link":"https:\/\/wireless-car-display.com\/sk\/product\/kamera-na-predny-pohlad-bmw-seria-1-2011-2019\/","title":{"rendered":"KAMERA NA PREDN\u00dd POH\u013dAD &#8211; BMW S\u00c9RIA 1 (2011-2019)"},"content":{"rendered":"","protected":false},"excerpt":{"rendered":"","protected":false},"featured_media":8168,"comment_status":"closed","ping_status":"closed","template":"","meta":[],"product_brand":[],"product_cat":[433,418],"product_tag":[],"class_list":{"0":"post-7996","1":"product","2":"type-product","3":"status-publish","4":"has-post-thumbnail","6":"product_cat-bmw","7":"product_cat-znacky-aut","9":"first","10":"instock","11":"taxable","12":"shipping-taxable","13":"purchasable","14":"product-type-simple"},"_links":{"self":[{"href":"https:\/\/wireless-car-display.com\/sk\/wp-json\/wp\/v2\/product\/7996","targetHints":{"allow":["GET"]}}],"collection":[{"href":"https:\/\/wireless-car-display.com\/sk\/wp-json\/wp\/v2\/product"}],"about":[{"href":"https:\/\/wireless-car-display.com\/sk\/wp-json\/wp\/v2\/types\/product"}],"replies":[{"embeddable":true,"href":"https:\/\/wireless-car-display.com\/sk\/wp-json\/wp\/v2\/comments?post=7996"}],"wp:featuredmedia":[{"embeddable":true,"href":"https:\/\/wireless-car-display.com\/sk\/wp-json\/wp\/v2\/media\/8168"}],"wp:attachment":[{"href":"https:\/\/wireless-car-display.com\/sk\/wp-json\/wp\/v2\/media?parent=7996"}],"wp:term":[{"taxonomy":"product_brand","embeddable":true,"href":"https:\/\/wireless-car-display.com\/sk\/wp-json\/wp\/v2\/product_brand?post=7996"},{"taxonomy":"product_cat","embeddable":true,"href":"https:\/\/wireless-car-display.com\/sk\/wp-json\/wp\/v2\/product_cat?post=7996"},{"taxonomy":"product_tag","embeddable":true,"href":"https:\/\/wireless-car-display.com\/sk\/wp-json\/wp\/v2\/product_tag?post=7996"}],"curies":[{"name":"wp","href":"https:\/\/api.w.org\/{rel}","templated":true}]}}