{"id":7987,"date":"2026-04-01T23:44:23","date_gmt":"2026-04-01T23:44:23","guid":{"rendered":"https:\/\/wireless-car-display.com\/sk\/?post_type=product&#038;p=7987"},"modified":"2026-04-01T23:45:12","modified_gmt":"2026-04-01T23:45:12","slug":"carplay-bmw-seria-3-4-2013-2017-velka-obrazovka","status":"publish","type":"product","link":"https:\/\/wireless-car-display.com\/sk\/product\/carplay-bmw-seria-3-4-2013-2017-velka-obrazovka\/","title":{"rendered":"CARPLAY &#8211; BMW S\u00c9RIA 3 &#038; 4 (2013-2017) &#8211; VE\u013dK\u00c1 OBRAZOVKA"},"content":{"rendered":"","protected":false},"excerpt":{"rendered":"","protected":false},"featured_media":8159,"comment_status":"closed","ping_status":"closed","template":"","meta":[],"product_brand":[],"product_cat":[433,419,426,418],"product_tag":[279,297,298,299,313,301,326],"class_list":{"0":"post-7987","1":"product","2":"type-product","3":"status-publish","4":"has-post-thumbnail","6":"product_cat-bmw","7":"product_cat-carplay-moduly","8":"product_cat-sluzby-aktivacie","9":"product_cat-znacky-aut","10":"product_tag-android-auto","11":"product_tag-android-auto-bmw","12":"product_tag-bmw","13":"product_tag-carplay-bmw","14":"product_tag-grand-ecran","15":"product_tag-serie-3","16":"product_tag-serie-4","18":"first","19":"instock","20":"taxable","21":"shipping-taxable","22":"purchasable","23":"product-type-simple"},"_links":{"self":[{"href":"https:\/\/wireless-car-display.com\/sk\/wp-json\/wp\/v2\/product\/7987","targetHints":{"allow":["GET"]}}],"collection":[{"href":"https:\/\/wireless-car-display.com\/sk\/wp-json\/wp\/v2\/product"}],"about":[{"href":"https:\/\/wireless-car-display.com\/sk\/wp-json\/wp\/v2\/types\/product"}],"replies":[{"embeddable":true,"href":"https:\/\/wireless-car-display.com\/sk\/wp-json\/wp\/v2\/comments?post=7987"}],"wp:featuredmedia":[{"embeddable":true,"href":"https:\/\/wireless-car-display.com\/sk\/wp-json\/wp\/v2\/media\/8159"}],"wp:attachment":[{"href":"https:\/\/wireless-car-display.com\/sk\/wp-json\/wp\/v2\/media?parent=7987"}],"wp:term":[{"taxonomy":"product_brand","embeddable":true,"href":"https:\/\/wireless-car-display.com\/sk\/wp-json\/wp\/v2\/product_brand?post=7987"},{"taxonomy":"product_cat","embeddable":true,"href":"https:\/\/wireless-car-display.com\/sk\/wp-json\/wp\/v2\/product_cat?post=7987"},{"taxonomy":"product_tag","embeddable":true,"href":"https:\/\/wireless-car-display.com\/sk\/wp-json\/wp\/v2\/product_tag?post=7987"}],"curies":[{"name":"wp","href":"https:\/\/api.w.org\/{rel}","templated":true}]}}