{"id":7946,"date":"2026-04-01T23:44:19","date_gmt":"2026-04-01T23:44:19","guid":{"rendered":"https:\/\/wireless-car-display.com\/sk\/?post_type=product&#038;p=7946"},"modified":"2026-04-01T23:44:54","modified_gmt":"2026-04-01T23:44:54","slug":"exkluzivna-ponuka-carplay-bmw-x3-2011-2013-velky-displej","status":"publish","type":"product","link":"https:\/\/wireless-car-display.com\/sk\/product\/exkluzivna-ponuka-carplay-bmw-x3-2011-2013-velky-displej\/","title":{"rendered":"EXKLUZ\u00cdVNA PONUKA &#8211; CARPLAY &#8211; BMW X3 (2011-2013) &#8211; VE\u013dK\u00dd DISPLEJ"},"content":{"rendered":"","protected":false},"excerpt":{"rendered":"","protected":false},"featured_media":8118,"comment_status":"closed","ping_status":"closed","template":"","meta":[],"product_brand":[],"product_cat":[433,423,426,418],"product_tag":[279,297,298,281,299,334,335],"class_list":{"0":"post-7946","1":"product","2":"type-product","3":"status-publish","4":"has-post-thumbnail","6":"product_cat-bmw","7":"product_cat-exkluzivne-ponuky","8":"product_cat-sluzby-aktivacie","9":"product_cat-znacky-aut","10":"product_tag-android-auto","11":"product_tag-android-auto-bmw","12":"product_tag-bmw","13":"product_tag-carplay","14":"product_tag-carplay-bmw","15":"product_tag-x3","16":"product_tag-x4","18":"first","19":"instock","20":"sale","21":"taxable","22":"shipping-taxable","23":"purchasable","24":"product-type-simple"},"_links":{"self":[{"href":"https:\/\/wireless-car-display.com\/sk\/wp-json\/wp\/v2\/product\/7946","targetHints":{"allow":["GET"]}}],"collection":[{"href":"https:\/\/wireless-car-display.com\/sk\/wp-json\/wp\/v2\/product"}],"about":[{"href":"https:\/\/wireless-car-display.com\/sk\/wp-json\/wp\/v2\/types\/product"}],"replies":[{"embeddable":true,"href":"https:\/\/wireless-car-display.com\/sk\/wp-json\/wp\/v2\/comments?post=7946"}],"wp:featuredmedia":[{"embeddable":true,"href":"https:\/\/wireless-car-display.com\/sk\/wp-json\/wp\/v2\/media\/8118"}],"wp:attachment":[{"href":"https:\/\/wireless-car-display.com\/sk\/wp-json\/wp\/v2\/media?parent=7946"}],"wp:term":[{"taxonomy":"product_brand","embeddable":true,"href":"https:\/\/wireless-car-display.com\/sk\/wp-json\/wp\/v2\/product_brand?post=7946"},{"taxonomy":"product_cat","embeddable":true,"href":"https:\/\/wireless-car-display.com\/sk\/wp-json\/wp\/v2\/product_cat?post=7946"},{"taxonomy":"product_tag","embeddable":true,"href":"https:\/\/wireless-car-display.com\/sk\/wp-json\/wp\/v2\/product_tag?post=7946"}],"curies":[{"name":"wp","href":"https:\/\/api.w.org\/{rel}","templated":true}]}}