{"id":7863,"date":"2026-04-01T23:44:09","date_gmt":"2026-04-01T23:44:09","guid":{"rendered":"https:\/\/wireless-car-display.com\/sk\/?post_type=product&#038;p=7863"},"modified":"2026-04-01T23:44:30","modified_gmt":"2026-04-01T23:44:30","slug":"carplay-bmw-3-seria-2004-2010-bez-povodneho-displeja","status":"publish","type":"product","link":"https:\/\/wireless-car-display.com\/sk\/product\/carplay-bmw-3-seria-2004-2010-bez-povodneho-displeja\/","title":{"rendered":"CARPLAY &#8211; BMW 3 S\u00c9RIA (2004-2010) &#8211; Bez p\u00f4vodn\u00e9ho displeja"},"content":{"rendered":"","protected":false},"excerpt":{"rendered":"","protected":false},"featured_media":8035,"comment_status":"closed","ping_status":"closed","template":"","meta":[],"product_brand":[],"product_cat":[433,419,426,418],"product_tag":[279,297,298,281,299,300,301],"class_list":{"0":"post-7863","1":"product","2":"type-product","3":"status-publish","4":"has-post-thumbnail","6":"product_cat-bmw","7":"product_cat-carplay-moduly","8":"product_cat-sluzby-aktivacie","9":"product_cat-znacky-aut","10":"product_tag-android-auto","11":"product_tag-android-auto-bmw","12":"product_tag-bmw","13":"product_tag-carplay","14":"product_tag-carplay-bmw","15":"product_tag-e90","16":"product_tag-serie-3","18":"first","19":"instock","20":"sale","21":"taxable","22":"shipping-taxable","23":"purchasable","24":"product-type-simple"},"_links":{"self":[{"href":"https:\/\/wireless-car-display.com\/sk\/wp-json\/wp\/v2\/product\/7863","targetHints":{"allow":["GET"]}}],"collection":[{"href":"https:\/\/wireless-car-display.com\/sk\/wp-json\/wp\/v2\/product"}],"about":[{"href":"https:\/\/wireless-car-display.com\/sk\/wp-json\/wp\/v2\/types\/product"}],"replies":[{"embeddable":true,"href":"https:\/\/wireless-car-display.com\/sk\/wp-json\/wp\/v2\/comments?post=7863"}],"wp:featuredmedia":[{"embeddable":true,"href":"https:\/\/wireless-car-display.com\/sk\/wp-json\/wp\/v2\/media\/8035"}],"wp:attachment":[{"href":"https:\/\/wireless-car-display.com\/sk\/wp-json\/wp\/v2\/media?parent=7863"}],"wp:term":[{"taxonomy":"product_brand","embeddable":true,"href":"https:\/\/wireless-car-display.com\/sk\/wp-json\/wp\/v2\/product_brand?post=7863"},{"taxonomy":"product_cat","embeddable":true,"href":"https:\/\/wireless-car-display.com\/sk\/wp-json\/wp\/v2\/product_cat?post=7863"},{"taxonomy":"product_tag","embeddable":true,"href":"https:\/\/wireless-car-display.com\/sk\/wp-json\/wp\/v2\/product_tag?post=7863"}],"curies":[{"name":"wp","href":"https:\/\/api.w.org\/{rel}","templated":true}]}}