{"id":7898,"date":"2026-04-01T23:48:25","date_gmt":"2026-04-01T23:48:25","guid":{"rendered":"https:\/\/wireless-car-display.com\/ro\/?post_type=product&#038;p=7898"},"modified":"2026-04-01T23:48:53","modified_gmt":"2026-04-01T23:48:53","slug":"camera-dinamica-pentru-indare-mercedes-benz-clasa-b-2011-2018","status":"publish","type":"product","link":"https:\/\/wireless-car-display.com\/ro\/product\/camera-dinamica-pentru-indare-mercedes-benz-clasa-b-2011-2018\/","title":{"rendered":"CAMER\u0102 DINAMIC\u0102 PENTRU \u00ceNDARE &#8211; MERCEDES-BENZ CLASA B (2011-2018)"},"content":{"rendered":"","protected":false},"excerpt":{"rendered":"","protected":false},"featured_media":8070,"comment_status":"closed","ping_status":"closed","template":"","meta":[],"product_brand":[],"product_cat":[427,421,418,430],"product_tag":[],"class_list":{"0":"post-7898","1":"product","2":"type-product","3":"status-publish","4":"has-post-thumbnail","6":"product_cat-cabluri","7":"product_cat-camere-de-marsarier","8":"product_cat-marci-de-masini","9":"product_cat-mercedes","11":"first","12":"instock","13":"taxable","14":"shipping-taxable","15":"purchasable","16":"product-type-simple"},"_links":{"self":[{"href":"https:\/\/wireless-car-display.com\/ro\/wp-json\/wp\/v2\/product\/7898","targetHints":{"allow":["GET"]}}],"collection":[{"href":"https:\/\/wireless-car-display.com\/ro\/wp-json\/wp\/v2\/product"}],"about":[{"href":"https:\/\/wireless-car-display.com\/ro\/wp-json\/wp\/v2\/types\/product"}],"replies":[{"embeddable":true,"href":"https:\/\/wireless-car-display.com\/ro\/wp-json\/wp\/v2\/comments?post=7898"}],"wp:featuredmedia":[{"embeddable":true,"href":"https:\/\/wireless-car-display.com\/ro\/wp-json\/wp\/v2\/media\/8070"}],"wp:attachment":[{"href":"https:\/\/wireless-car-display.com\/ro\/wp-json\/wp\/v2\/media?parent=7898"}],"wp:term":[{"taxonomy":"product_brand","embeddable":true,"href":"https:\/\/wireless-car-display.com\/ro\/wp-json\/wp\/v2\/product_brand?post=7898"},{"taxonomy":"product_cat","embeddable":true,"href":"https:\/\/wireless-car-display.com\/ro\/wp-json\/wp\/v2\/product_cat?post=7898"},{"taxonomy":"product_tag","embeddable":true,"href":"https:\/\/wireless-car-display.com\/ro\/wp-json\/wp\/v2\/product_tag?post=7898"}],"curies":[{"name":"wp","href":"https:\/\/api.w.org\/{rel}","templated":true}]}}