{"id":7997,"date":"2026-04-01T23:53:05","date_gmt":"2026-04-01T23:53:05","guid":{"rendered":"https:\/\/wireless-car-display.com\/pt\/?post_type=product&#038;p=7997"},"modified":"2026-04-01T23:53:53","modified_gmt":"2026-04-01T23:53:53","slug":"camera-de-visao-frontal-bmw-serie-3-2011-2019","status":"publish","type":"product","link":"https:\/\/wireless-car-display.com\/pt\/product\/camera-de-visao-frontal-bmw-serie-3-2011-2019\/","title":{"rendered":"C\u00c2MERA DE VIS\u00c3O FRONTAL &#8211; BMW S\u00c9RIE 3 (2011-2019)"},"content":{"rendered":"","protected":false},"excerpt":{"rendered":"","protected":false},"featured_media":8169,"comment_status":"closed","ping_status":"closed","template":"","meta":[],"product_brand":[],"product_cat":[433,418],"product_tag":[],"class_list":{"0":"post-7997","1":"product","2":"type-product","3":"status-publish","4":"has-post-thumbnail","6":"product_cat-bmw","7":"product_cat-marcas-de-carros","9":"first","10":"instock","11":"taxable","12":"shipping-taxable","13":"purchasable","14":"product-type-simple"},"_links":{"self":[{"href":"https:\/\/wireless-car-display.com\/pt\/wp-json\/wp\/v2\/product\/7997","targetHints":{"allow":["GET"]}}],"collection":[{"href":"https:\/\/wireless-car-display.com\/pt\/wp-json\/wp\/v2\/product"}],"about":[{"href":"https:\/\/wireless-car-display.com\/pt\/wp-json\/wp\/v2\/types\/product"}],"replies":[{"embeddable":true,"href":"https:\/\/wireless-car-display.com\/pt\/wp-json\/wp\/v2\/comments?post=7997"}],"wp:featuredmedia":[{"embeddable":true,"href":"https:\/\/wireless-car-display.com\/pt\/wp-json\/wp\/v2\/media\/8169"}],"wp:attachment":[{"href":"https:\/\/wireless-car-display.com\/pt\/wp-json\/wp\/v2\/media?parent=7997"}],"wp:term":[{"taxonomy":"product_brand","embeddable":true,"href":"https:\/\/wireless-car-display.com\/pt\/wp-json\/wp\/v2\/product_brand?post=7997"},{"taxonomy":"product_cat","embeddable":true,"href":"https:\/\/wireless-car-display.com\/pt\/wp-json\/wp\/v2\/product_cat?post=7997"},{"taxonomy":"product_tag","embeddable":true,"href":"https:\/\/wireless-car-display.com\/pt\/wp-json\/wp\/v2\/product_tag?post=7997"}],"curies":[{"name":"wp","href":"https:\/\/api.w.org\/{rel}","templated":true}]}}