{"id":7996,"date":"2026-04-01T23:53:05","date_gmt":"2026-04-01T23:53:05","guid":{"rendered":"https:\/\/wireless-car-display.com\/pt\/?post_type=product&#038;p=7996"},"modified":"2026-04-01T23:53:53","modified_gmt":"2026-04-01T23:53:53","slug":"camera-de-visao-frontal-bmw-serie-1-2011-2019","status":"publish","type":"product","link":"https:\/\/wireless-car-display.com\/pt\/product\/camera-de-visao-frontal-bmw-serie-1-2011-2019\/","title":{"rendered":"C\u00c2MERA DE VIS\u00c3O FRONTAL &#8211; BMW S\u00c9RIE 1 (2011-2019)"},"content":{"rendered":"","protected":false},"excerpt":{"rendered":"","protected":false},"featured_media":8168,"comment_status":"closed","ping_status":"closed","template":"","meta":[],"product_brand":[],"product_cat":[433,427,421,418],"product_tag":[],"class_list":{"0":"post-7996","1":"product","2":"type-product","3":"status-publish","4":"has-post-thumbnail","6":"product_cat-bmw","7":"product_cat-cabos","8":"product_cat-camaras-de-re","9":"product_cat-marcas-de-carros","11":"first","12":"instock","13":"taxable","14":"shipping-taxable","15":"purchasable","16":"product-type-simple"},"_links":{"self":[{"href":"https:\/\/wireless-car-display.com\/pt\/wp-json\/wp\/v2\/product\/7996","targetHints":{"allow":["GET"]}}],"collection":[{"href":"https:\/\/wireless-car-display.com\/pt\/wp-json\/wp\/v2\/product"}],"about":[{"href":"https:\/\/wireless-car-display.com\/pt\/wp-json\/wp\/v2\/types\/product"}],"replies":[{"embeddable":true,"href":"https:\/\/wireless-car-display.com\/pt\/wp-json\/wp\/v2\/comments?post=7996"}],"wp:featuredmedia":[{"embeddable":true,"href":"https:\/\/wireless-car-display.com\/pt\/wp-json\/wp\/v2\/media\/8168"}],"wp:attachment":[{"href":"https:\/\/wireless-car-display.com\/pt\/wp-json\/wp\/v2\/media?parent=7996"}],"wp:term":[{"taxonomy":"product_brand","embeddable":true,"href":"https:\/\/wireless-car-display.com\/pt\/wp-json\/wp\/v2\/product_brand?post=7996"},{"taxonomy":"product_cat","embeddable":true,"href":"https:\/\/wireless-car-display.com\/pt\/wp-json\/wp\/v2\/product_cat?post=7996"},{"taxonomy":"product_tag","embeddable":true,"href":"https:\/\/wireless-car-display.com\/pt\/wp-json\/wp\/v2\/product_tag?post=7996"}],"curies":[{"name":"wp","href":"https:\/\/api.w.org\/{rel}","templated":true}]}}