{"id":7927,"date":"2026-04-01T23:52:55","date_gmt":"2026-04-01T23:52:55","guid":{"rendered":"https:\/\/wireless-car-display.com\/pt\/?post_type=product&#038;p=7927"},"modified":"2026-04-01T23:53:31","modified_gmt":"2026-04-01T23:53:31","slug":"iluminacao-led-ambiente-volkswagen-golf-7-piano-black-ceu-estrelado","status":"publish","type":"product","link":"https:\/\/wireless-car-display.com\/pt\/product\/iluminacao-led-ambiente-volkswagen-golf-7-piano-black-ceu-estrelado\/","title":{"rendered":"ILUMINA\u00c7\u00c3O LED AMBIENTE &#8211; VOLKSWAGEN GOLF 7 &#8211; Piano Black C\u00e9u Estrelado"},"content":{"rendered":"","protected":false},"excerpt":{"rendered":"","protected":false},"featured_media":8099,"comment_status":"closed","ping_status":"closed","template":"","meta":[],"product_brand":[],"product_cat":[418,430],"product_tag":[],"class_list":{"0":"post-7927","1":"product","2":"type-product","3":"status-publish","4":"has-post-thumbnail","6":"product_cat-marcas-de-carros","7":"product_cat-volkswagen","9":"first","10":"outofstock","11":"taxable","12":"shipping-taxable","13":"product-type-variable"},"_links":{"self":[{"href":"https:\/\/wireless-car-display.com\/pt\/wp-json\/wp\/v2\/product\/7927","targetHints":{"allow":["GET"]}}],"collection":[{"href":"https:\/\/wireless-car-display.com\/pt\/wp-json\/wp\/v2\/product"}],"about":[{"href":"https:\/\/wireless-car-display.com\/pt\/wp-json\/wp\/v2\/types\/product"}],"replies":[{"embeddable":true,"href":"https:\/\/wireless-car-display.com\/pt\/wp-json\/wp\/v2\/comments?post=7927"}],"wp:featuredmedia":[{"embeddable":true,"href":"https:\/\/wireless-car-display.com\/pt\/wp-json\/wp\/v2\/media\/8099"}],"wp:attachment":[{"href":"https:\/\/wireless-car-display.com\/pt\/wp-json\/wp\/v2\/media?parent=7927"}],"wp:term":[{"taxonomy":"product_brand","embeddable":true,"href":"https:\/\/wireless-car-display.com\/pt\/wp-json\/wp\/v2\/product_brand?post=7927"},{"taxonomy":"product_cat","embeddable":true,"href":"https:\/\/wireless-car-display.com\/pt\/wp-json\/wp\/v2\/product_cat?post=7927"},{"taxonomy":"product_tag","embeddable":true,"href":"https:\/\/wireless-car-display.com\/pt\/wp-json\/wp\/v2\/product_tag?post=7927"}],"curies":[{"name":"wp","href":"https:\/\/api.w.org\/{rel}","templated":true}]}}